{"id":10,"date":"2026-01-16T08:52:45","date_gmt":"2026-01-16T11:52:45","guid":{"rendered":"https:\/\/oseiasplay.com\/?page_id=10"},"modified":"2026-03-23T10:03:11","modified_gmt":"2026-03-23T13:03:11","slug":"home","status":"publish","type":"page","link":"https:\/\/oseiasplay.com\/blog\/","title":{"rendered":"Home"},"content":{"rendered":"\n<h1 class=\"wp-block-heading has-x-large-font-size\">Blog OseiasPlay<\/h1>\n\n\n\n<p class=\"has-small-font-size\"><\/p>\n\n\n\n<div class=\"wp-block-group is-vertical is-layout-flex wp-container-core-group-is-layout-fe9cc265 wp-block-group-is-layout-flex\">\n<h2 class=\"wp-block-heading has-text-align-left has-ast-global-color-0-color has-text-color has-link-color has-large-font-size wp-elements-7f179c5e7dafba9df31b7e2f8b24a297\"><strong>Biblioteca<\/strong><\/h2>\n\n\n\n<h4 class=\"wp-block-heading has-text-align-left\">Conte\u00fados para forma\u00e7\u00e3o da consci\u00eancia e leitura cr\u00edtica<\/h4>\n\n\n\n<h3 class=\"wp-block-heading has-text-align-left\">Provas do novo Testamento<\/h3>\n\n\n\n<p>Tenho 70 provas para voc\u00ea testar seu conhecimento, e o resultado j\u00e1 sai na hora!<\/p>\n\n\n\n<p><a href=\"https:\/\/oseiasplay.com\/sentinela\/provas.html\">Provas aqui!<\/a><\/p>\n\n\n\n<h3 class=\"wp-block-heading\">Ebooks de forma\u00e7\u00e3o<\/h3>\n\n\n\n<p>Conte\u00fado aberto para quem decidiu pensar com mais profundidade<\/p>\n\n\n\n<h4 class=\"wp-block-heading\"><a href=\"https:\/\/oseiasplay.com\/libertos_da_religiao\/presente_libertos_da_manipulacao_religiosa.php\">Ebook 1<\/a><\/h4>\n\n\n\n<p>Sentinela D.C<\/p>\n\n\n\n<p>Uma analise cr\u00edtica do uso do nome de Deus como ferramenta de controle, culpa e medo.<\/p>\n\n\n\n<h4 class=\"wp-block-heading\"><a href=\"https:\/\/oseiasplay.com\/funis-multiverso\/conteudo-estrategico.php\">Ebook 2<\/a><\/h4>\n\n\n\n<p>Multiverso Infinitoo<\/p>\n\n\n\n<p>Uma mapa para atravessar o ru\u00eddo do mundo atual, identificar armadilhas, narrativas e organizar o caos com lucidez.<\/p>\n<\/div>\n","protected":false},"excerpt":{"rendered":"<p>Blog OseiasPlay Biblioteca Conte\u00fados para forma\u00e7\u00e3o da consci\u00eancia e leitura cr\u00edtica Provas do novo Testamento Tenho 70 provas para voc\u00ea [&hellip;]<\/p>\n","protected":false},"author":1,"featured_media":0,"parent":0,"menu_order":0,"comment_status":"closed","ping_status":"closed","template":"","meta":{"site-sidebar-layout":"right-sidebar","site-content-layout":"plain-container","ast-site-content-layout":"default","site-content-style":"default","site-sidebar-style":"default","ast-global-header-display":"","ast-banner-title-visibility":"","ast-main-header-display":"","ast-hfb-above-header-display":"","ast-hfb-below-header-display":"","ast-hfb-mobile-header-display":"","site-post-title":"disabled","ast-breadcrumbs-content":"","ast-featured-img":"","footer-sml-layout":"","ast-disable-related-posts":"","theme-transparent-header-meta":"enabled","adv-header-id-meta":"","stick-header-meta":"","header-above-stick-meta":"","header-main-stick-meta":"","header-below-stick-meta":"","astra-migrate-meta-layouts":"default","ast-page-background-enabled":"default","ast-page-background-meta":{"desktop":{"background-color":"var(--ast-global-color-5)","background-image":"","background-repeat":"repeat","background-position":"center center","background-size":"auto","background-attachment":"scroll","background-type":"","background-media":"","overlay-type":"","overlay-color":"","overlay-opacity":"","overlay-gradient":""},"tablet":{"background-color":"","background-image":"","background-repeat":"repeat","background-position":"center center","background-size":"auto","background-attachment":"scroll","background-type":"","background-media":"","overlay-type":"","overlay-color":"","overlay-opacity":"","overlay-gradient":""},"mobile":{"background-color":"","background-image":"","background-repeat":"repeat","background-position":"center center","background-size":"auto","background-attachment":"scroll","background-type":"","background-media":"","overlay-type":"","overlay-color":"","overlay-opacity":"","overlay-gradient":""}},"ast-content-background-meta":{"desktop":{"background-color":"var(--ast-global-color-4)","background-image":"","background-repeat":"repeat","background-position":"center center","background-size":"auto","background-attachment":"scroll","background-type":"","background-media":"","overlay-type":"","overlay-color":"","overlay-opacity":"","overlay-gradient":""},"tablet":{"background-color":"var(--ast-global-color-4)","background-image":"","background-repeat":"repeat","background-position":"center center","background-size":"auto","background-attachment":"scroll","background-type":"","background-media":"","overlay-type":"","overlay-color":"","overlay-opacity":"","overlay-gradient":""},"mobile":{"background-color":"var(--ast-global-color-4)","background-image":"","background-repeat":"repeat","background-position":"center center","background-size":"auto","background-attachment":"scroll","background-type":"","background-media":"","overlay-type":"","overlay-color":"","overlay-opacity":"","overlay-gradient":""}},"jetpack_post_was_ever_published":false,"footnotes":""},"class_list":["post-10","page","type-page","status-publish","hentry"],"_hostinger_reach_plugin_has_subscription_block":false,"_hostinger_reach_plugin_is_elementor":false,"jetpack_likes_enabled":true,"jetpack_sharing_enabled":true,"_links":{"self":[{"href":"https:\/\/oseiasplay.com\/blog\/wp-json\/wp\/v2\/pages\/10","targetHints":{"allow":["GET"]}}],"collection":[{"href":"https:\/\/oseiasplay.com\/blog\/wp-json\/wp\/v2\/pages"}],"about":[{"href":"https:\/\/oseiasplay.com\/blog\/wp-json\/wp\/v2\/types\/page"}],"author":[{"embeddable":true,"href":"https:\/\/oseiasplay.com\/blog\/wp-json\/wp\/v2\/users\/1"}],"replies":[{"embeddable":true,"href":"https:\/\/oseiasplay.com\/blog\/wp-json\/wp\/v2\/comments?post=10"}],"version-history":[{"count":56,"href":"https:\/\/oseiasplay.com\/blog\/wp-json\/wp\/v2\/pages\/10\/revisions"}],"predecessor-version":[{"id":701,"href":"https:\/\/oseiasplay.com\/blog\/wp-json\/wp\/v2\/pages\/10\/revisions\/701"}],"wp:attachment":[{"href":"https:\/\/oseiasplay.com\/blog\/wp-json\/wp\/v2\/media?parent=10"}],"curies":[{"name":"wp","href":"https:\/\/api.w.org\/{rel}","templated":true}]}}